{"id":1457,"date":"2026-01-17T14:20:57","date_gmt":"2026-01-17T14:20:57","guid":{"rendered":"https:\/\/new88-8.team\/?page_id=1457"},"modified":"2026-04-02T05:45:09","modified_gmt":"2026-04-02T05:45:09","slug":"new88-day-la-trang-chu-new88-com-chinh-thuc-2025","status":"publish","type":"page","link":"https:\/\/new88-8.team\/","title":{"rendered":"New88 \u2013 \u0110\u00e2y L\u00e0 Trang Ch\u1ee7 NEW88.COM Ch\u00ednh Th\u1ee9c 2025"},"content":{"rendered":"<div class=\"row\"  id=\"row-1179918291\">\n\n\t<div id=\"col-665744342\" class=\"col small-12 large-12\"  >\n\t\t\t\t<div class=\"col-inner\"  >\n\t\t\t\n\t\t\t\n\t<div class=\"img has-hover x md-x lg-x y md-y lg-y\" id=\"image_948860726\">\n\t\t\t\t\t\t\t\t<div class=\"img-inner dark\" >\n\t\t\t<img loading=\"lazy\" decoding=\"async\" width=\"1920\" height=\"500\" src=\"https:\/\/new88-8.team\/wp-content\/uploads\/2026\/04\/banner-new88.webp\" class=\"attachment-original size-original\" alt=\"\" srcset=\"https:\/\/new88-8.team\/wp-content\/uploads\/2026\/04\/banner-new88.webp 1920w, https:\/\/new88-8.team\/wp-content\/uploads\/2026\/04\/banner-new88-300x78.webp 300w, https:\/\/new88-8.team\/wp-content\/uploads\/2026\/04\/banner-new88-1024x267.webp 1024w, https:\/\/new88-8.team\/wp-content\/uploads\/2026\/04\/banner-new88-768x200.webp 768w, https:\/\/new88-8.team\/wp-content\/uploads\/2026\/04\/banner-new88-1536x400.webp 1536w\" sizes=\"auto, (max-width: 1920px) 100vw, 1920px\" \/>\t\t\t\t\t\t\n\t\t\t\t\t<\/div>\n\t\t\t\t\t\t\t\t\n<style>\n#image_948860726 {\n  width: 100%;\n}\n<\/style>\n\t<\/div>\n\t\n\t\t<\/div>\n\t\t\t\t\t<\/div>\n\n\t\n<\/div>\n","protected":false},"excerpt":{"rendered":"","protected":false},"author":1,"featured_media":0,"parent":0,"menu_order":0,"comment_status":"closed","ping_status":"closed","template":"","meta":{"footnotes":""},"class_list":["post-1457","page","type-page","status-publish","hentry"],"_links":{"self":[{"href":"https:\/\/new88-8.team\/index.php\/wp-json\/wp\/v2\/pages\/1457","targetHints":{"allow":["GET"]}}],"collection":[{"href":"https:\/\/new88-8.team\/index.php\/wp-json\/wp\/v2\/pages"}],"about":[{"href":"https:\/\/new88-8.team\/index.php\/wp-json\/wp\/v2\/types\/page"}],"author":[{"embeddable":true,"href":"https:\/\/new88-8.team\/index.php\/wp-json\/wp\/v2\/users\/1"}],"replies":[{"embeddable":true,"href":"https:\/\/new88-8.team\/index.php\/wp-json\/wp\/v2\/comments?post=1457"}],"version-history":[{"count":2,"href":"https:\/\/new88-8.team\/index.php\/wp-json\/wp\/v2\/pages\/1457\/revisions"}],"predecessor-version":[{"id":1481,"href":"https:\/\/new88-8.team\/index.php\/wp-json\/wp\/v2\/pages\/1457\/revisions\/1481"}],"wp:attachment":[{"href":"https:\/\/new88-8.team\/index.php\/wp-json\/wp\/v2\/media?parent=1457"}],"curies":[{"name":"wp","href":"https:\/\/api.w.org\/{rel}","templated":true}]}}